{"id":4212,"date":"2025-10-27T15:24:50","date_gmt":"2025-10-27T14:24:50","guid":{"rendered":"https:\/\/gymiosport.com\/?post_type=product&#038;p=4212"},"modified":"2025-10-29T13:54:06","modified_gmt":"2025-10-29T12:54:06","slug":"gymio-sportowa-frotka-na-nadgarstek","status":"publish","type":"product","link":"https:\/\/gymiosport.com\/pl\/produkt\/gymio-sportowa-frotka-na-nadgarstek\/","title":{"rendered":"Frotka na nadgarstek"},"content":{"rendered":"<p><span style=\"font-weight: 400;\">Postaw na wygod\u0119 i funkcjonalno\u015b\u0107 z frotk\u0105 Gymio\u2013 ma\u0142y detal, kt\u00f3ry robi r\u00f3\u017cnic\u0119 w Twoim treningu.<\/span><\/p>\n<p><b>Opis<\/b><\/p>\n<p><span style=\"font-weight: 400;\">Frotka na nadgarstek Gymio to niezb\u0119dny dodatek dla ka\u017cdego, kto trenuje z zaanga\u017cowaniem. Wykonana z mi\u0119kkiej, ch\u0142onnej bawe\u0142ny, doskonale poch\u0142ania pot i pozwala zachowa\u0107 komfort podczas intensywnych \u0107wicze\u0144. Dzi\u0119ki elastycznemu materia\u0142owi frotka idealnie dopasowuje si\u0119 do nadgarstka, nie uciska i nie zsuwa si\u0119 nawet podczas najbardziej wymagaj\u0105cych ruch\u00f3w.<\/span><\/p>\n<p><span style=\"font-weight: 400;\">Idealna do:<\/span><\/p>\n<ul>\n<li style=\"font-weight: 400;\" aria-level=\"1\"><span style=\"font-weight: 400;\">wycierania potu z czo\u0142a, szyi lub d\u0142oni podczas treningu,<\/span><\/li>\n<li style=\"font-weight: 400;\" aria-level=\"1\"><span style=\"font-weight: 400;\">noszenia podczas biegania, jazdy na rowerze czy treningu fitness,<\/span><\/li>\n<li style=\"font-weight: 400;\" aria-level=\"1\"><span style=\"font-weight: 400;\">zak\u0142adania pod smartwatch lub opask\u0119 sportow\u0105, by zapobiec otarciom,<\/span><\/li>\n<\/ul>\n<p><span style=\"font-weight: 400;\">u\u017cywania jako stylowego dodatku do sportowego outfitu.<\/span><span style=\"font-weight: 400;\"><br \/>\n<\/span><\/p>\n","protected":false},"excerpt":{"rendered":"<p><b>Specyfikacja<\/b><\/p>\n<ul>\n<li style=\"font-weight: 400;\" aria-level=\"1\"><span style=\"font-weight: 400;\">Sk\u0142ad: 80% bawe\u0142na, 8% poliester, 12% elastan<\/span><\/li>\n<li style=\"font-weight: 400;\" aria-level=\"1\"><span style=\"font-weight: 400;\">Wyszywane logo Gymio<\/span><\/li>\n<li style=\"font-weight: 400;\" aria-level=\"1\"><span style=\"font-weight: 400;\">Kolor produktu: Czarny, bia\u0142e logo<\/span><\/li>\n<li style=\"font-weight: 400;\" aria-level=\"1\"><span style=\"font-weight: 400;\">Wymiary: 8cm x 7,5 cm\u00a0<\/span><\/li>\n<\/ul>\n<p>&nbsp;<\/p>\n<h3><span style=\"font-weight: 400;\">Instrukcje dotycz\u0105ce prania<\/span><\/h3>\n<ul>\n<li style=\"font-weight: 400;\" aria-level=\"1\"><span style=\"font-weight: 400;\">Nie u\u017cywa\u0107 wybielaczy<\/span><\/li>\n<li style=\"font-weight: 400;\" aria-level=\"1\"><span style=\"font-weight: 400;\">Nie czy\u015bci\u0107 chemicznie<\/span><\/li>\n<li style=\"font-weight: 400;\" aria-level=\"1\"><span style=\"font-weight: 400;\">Nie prasowa\u0107<\/span><\/li>\n<li style=\"font-weight: 400;\" aria-level=\"1\"><span style=\"font-weight: 400;\">Pra\u0107 w pralce w zimnej wodzie i delikatnym programie<\/span><\/li>\n<\/ul>\n","protected":false},"featured_media":4219,"comment_status":"closed","ping_status":"closed","template":"","meta":{"_acf_changed":false},"product_brand":[],"product_cat":[297],"product_tag":[],"class_list":{"0":"post-4212","1":"product","2":"type-product","3":"status-publish","4":"has-post-thumbnail","6":"product_cat-akcesoria","8":"first","9":"instock","10":"taxable","11":"shipping-taxable","12":"purchasable","13":"product-type-simple"},"acf":[],"yoast_head":"<!-- This site is optimized with the Yoast SEO plugin v27.4 - https:\/\/yoast.com\/product\/yoast-seo-wordpress\/ -->\n<title>Frotka na nadgarstek - gymio<\/title>\n<meta name=\"robots\" content=\"index, follow, max-snippet:-1, max-image-preview:large, max-video-preview:-1\" \/>\n<link rel=\"canonical\" href=\"https:\/\/gymiosport.com\/pl\/produkt\/gymio-sportowa-frotka-na-nadgarstek\/\" \/>\n<meta property=\"og:locale\" content=\"pl_PL\" \/>\n<meta property=\"og:type\" content=\"article\" \/>\n<meta property=\"og:title\" content=\"Frotka na nadgarstek - gymio\" \/>\n<meta property=\"og:description\" content=\"Specyfikacja   Sk\u0142ad: 80% bawe\u0142na, 8% poliester, 12% elastan  Wyszywane logo Gymio  Kolor produktu: Czarny, bia\u0142e logo  Wymiary: 8cm x 7,5 cm\u00a0  &nbsp; Instrukcje dotycz\u0105ce prania   Nie u\u017cywa\u0107 wybielaczy  Nie czy\u015bci\u0107 chemicznie  Nie prasowa\u0107  Pra\u0107 w pralce w zimnej wodzie i delikatnym programie\" \/>\n<meta property=\"og:url\" content=\"https:\/\/gymiosport.com\/pl\/produkt\/gymio-sportowa-frotka-na-nadgarstek\/\" \/>\n<meta property=\"og:site_name\" content=\"gymio\" \/>\n<meta property=\"article:modified_time\" content=\"2025-10-29T12:54:06+00:00\" \/>\n<meta property=\"og:image\" content=\"https:\/\/gymiosport.com\/wp-content\/uploads\/2025\/10\/frotka_1.jpg\" \/>\n\t<meta property=\"og:image:width\" content=\"1080\" \/>\n\t<meta property=\"og:image:height\" content=\"1080\" \/>\n\t<meta property=\"og:image:type\" content=\"image\/jpeg\" \/>\n<meta name=\"twitter:card\" content=\"summary_large_image\" \/>\n<meta name=\"twitter:label1\" content=\"Szacowany czas czytania\" \/>\n\t<meta name=\"twitter:data1\" content=\"1 minuta\" \/>\n<script type=\"application\/ld+json\" class=\"yoast-schema-graph\">{\"@context\":\"https:\\\/\\\/schema.org\",\"@graph\":[{\"@type\":\"WebPage\",\"@id\":\"https:\\\/\\\/gymiosport.com\\\/pl\\\/produkt\\\/gymio-sportowa-frotka-na-nadgarstek\\\/\",\"url\":\"https:\\\/\\\/gymiosport.com\\\/pl\\\/produkt\\\/gymio-sportowa-frotka-na-nadgarstek\\\/\",\"name\":\"Frotka na nadgarstek - gymio\",\"isPartOf\":{\"@id\":\"https:\\\/\\\/gymiosport.com\\\/pl\\\/#website\"},\"primaryImageOfPage\":{\"@id\":\"https:\\\/\\\/gymiosport.com\\\/pl\\\/produkt\\\/gymio-sportowa-frotka-na-nadgarstek\\\/#primaryimage\"},\"image\":{\"@id\":\"https:\\\/\\\/gymiosport.com\\\/pl\\\/produkt\\\/gymio-sportowa-frotka-na-nadgarstek\\\/#primaryimage\"},\"thumbnailUrl\":\"https:\\\/\\\/gymiosport.com\\\/wp-content\\\/uploads\\\/2025\\\/10\\\/frotka_1.jpg\",\"datePublished\":\"2025-10-27T14:24:50+00:00\",\"dateModified\":\"2025-10-29T12:54:06+00:00\",\"breadcrumb\":{\"@id\":\"https:\\\/\\\/gymiosport.com\\\/pl\\\/produkt\\\/gymio-sportowa-frotka-na-nadgarstek\\\/#breadcrumb\"},\"inLanguage\":\"pl-PL\",\"potentialAction\":[{\"@type\":\"ReadAction\",\"target\":[\"https:\\\/\\\/gymiosport.com\\\/pl\\\/produkt\\\/gymio-sportowa-frotka-na-nadgarstek\\\/\"]}]},{\"@type\":\"ImageObject\",\"inLanguage\":\"pl-PL\",\"@id\":\"https:\\\/\\\/gymiosport.com\\\/pl\\\/produkt\\\/gymio-sportowa-frotka-na-nadgarstek\\\/#primaryimage\",\"url\":\"https:\\\/\\\/gymiosport.com\\\/wp-content\\\/uploads\\\/2025\\\/10\\\/frotka_1.jpg\",\"contentUrl\":\"https:\\\/\\\/gymiosport.com\\\/wp-content\\\/uploads\\\/2025\\\/10\\\/frotka_1.jpg\",\"width\":1080,\"height\":1080},{\"@type\":\"BreadcrumbList\",\"@id\":\"https:\\\/\\\/gymiosport.com\\\/pl\\\/produkt\\\/gymio-sportowa-frotka-na-nadgarstek\\\/#breadcrumb\",\"itemListElement\":[{\"@type\":\"ListItem\",\"position\":1,\"name\":\"Home\",\"item\":\"https:\\\/\\\/gymiosport.com\\\/pl\\\/\"},{\"@type\":\"ListItem\",\"position\":2,\"name\":\"Produkty\",\"item\":\"https:\\\/\\\/gymiosport.com\\\/pl\\\/shop\\\/\"},{\"@type\":\"ListItem\",\"position\":3,\"name\":\"Frotka na nadgarstek\"}]},{\"@type\":\"WebSite\",\"@id\":\"https:\\\/\\\/gymiosport.com\\\/pl\\\/#website\",\"url\":\"https:\\\/\\\/gymiosport.com\\\/pl\\\/\",\"name\":\"gymio\",\"description\":\"\",\"publisher\":{\"@id\":\"https:\\\/\\\/gymiosport.com\\\/pl\\\/#organization\"},\"potentialAction\":[{\"@type\":\"SearchAction\",\"target\":{\"@type\":\"EntryPoint\",\"urlTemplate\":\"https:\\\/\\\/gymiosport.com\\\/pl\\\/?s={search_term_string}\"},\"query-input\":{\"@type\":\"PropertyValueSpecification\",\"valueRequired\":true,\"valueName\":\"search_term_string\"}}],\"inLanguage\":\"pl-PL\"},{\"@type\":\"Organization\",\"@id\":\"https:\\\/\\\/gymiosport.com\\\/pl\\\/#organization\",\"name\":\"gymio\",\"url\":\"https:\\\/\\\/gymiosport.com\\\/pl\\\/\",\"logo\":{\"@type\":\"ImageObject\",\"inLanguage\":\"pl-PL\",\"@id\":\"https:\\\/\\\/gymiosport.com\\\/pl\\\/#\\\/schema\\\/logo\\\/image\\\/\",\"url\":\"http:\\\/\\\/gymiosport.com\\\/wp-content\\\/uploads\\\/2024\\\/02\\\/Gymio_sygnet_black.png\",\"contentUrl\":\"http:\\\/\\\/gymiosport.com\\\/wp-content\\\/uploads\\\/2024\\\/02\\\/Gymio_sygnet_black.png\",\"width\":1024,\"height\":1025,\"caption\":\"gymio\"},\"image\":{\"@id\":\"https:\\\/\\\/gymiosport.com\\\/pl\\\/#\\\/schema\\\/logo\\\/image\\\/\"}}]}<\/script>\n<!-- \/ Yoast SEO plugin. -->","yoast_head_json":{"title":"Frotka na nadgarstek - gymio","robots":{"index":"index","follow":"follow","max-snippet":"max-snippet:-1","max-image-preview":"max-image-preview:large","max-video-preview":"max-video-preview:-1"},"canonical":"https:\/\/gymiosport.com\/pl\/produkt\/gymio-sportowa-frotka-na-nadgarstek\/","og_locale":"pl_PL","og_type":"article","og_title":"Frotka na nadgarstek - gymio","og_description":"Specyfikacja   Sk\u0142ad: 80% bawe\u0142na, 8% poliester, 12% elastan  Wyszywane logo Gymio  Kolor produktu: Czarny, bia\u0142e logo  Wymiary: 8cm x 7,5 cm\u00a0  &nbsp; Instrukcje dotycz\u0105ce prania   Nie u\u017cywa\u0107 wybielaczy  Nie czy\u015bci\u0107 chemicznie  Nie prasowa\u0107  Pra\u0107 w pralce w zimnej wodzie i delikatnym programie","og_url":"https:\/\/gymiosport.com\/pl\/produkt\/gymio-sportowa-frotka-na-nadgarstek\/","og_site_name":"gymio","article_modified_time":"2025-10-29T12:54:06+00:00","og_image":[{"width":1080,"height":1080,"url":"https:\/\/gymiosport.com\/wp-content\/uploads\/2025\/10\/frotka_1.jpg","type":"image\/jpeg"}],"twitter_card":"summary_large_image","twitter_misc":{"Szacowany czas czytania":"1 minuta"},"schema":{"@context":"https:\/\/schema.org","@graph":[{"@type":"WebPage","@id":"https:\/\/gymiosport.com\/pl\/produkt\/gymio-sportowa-frotka-na-nadgarstek\/","url":"https:\/\/gymiosport.com\/pl\/produkt\/gymio-sportowa-frotka-na-nadgarstek\/","name":"Frotka na nadgarstek - gymio","isPartOf":{"@id":"https:\/\/gymiosport.com\/pl\/#website"},"primaryImageOfPage":{"@id":"https:\/\/gymiosport.com\/pl\/produkt\/gymio-sportowa-frotka-na-nadgarstek\/#primaryimage"},"image":{"@id":"https:\/\/gymiosport.com\/pl\/produkt\/gymio-sportowa-frotka-na-nadgarstek\/#primaryimage"},"thumbnailUrl":"https:\/\/gymiosport.com\/wp-content\/uploads\/2025\/10\/frotka_1.jpg","datePublished":"2025-10-27T14:24:50+00:00","dateModified":"2025-10-29T12:54:06+00:00","breadcrumb":{"@id":"https:\/\/gymiosport.com\/pl\/produkt\/gymio-sportowa-frotka-na-nadgarstek\/#breadcrumb"},"inLanguage":"pl-PL","potentialAction":[{"@type":"ReadAction","target":["https:\/\/gymiosport.com\/pl\/produkt\/gymio-sportowa-frotka-na-nadgarstek\/"]}]},{"@type":"ImageObject","inLanguage":"pl-PL","@id":"https:\/\/gymiosport.com\/pl\/produkt\/gymio-sportowa-frotka-na-nadgarstek\/#primaryimage","url":"https:\/\/gymiosport.com\/wp-content\/uploads\/2025\/10\/frotka_1.jpg","contentUrl":"https:\/\/gymiosport.com\/wp-content\/uploads\/2025\/10\/frotka_1.jpg","width":1080,"height":1080},{"@type":"BreadcrumbList","@id":"https:\/\/gymiosport.com\/pl\/produkt\/gymio-sportowa-frotka-na-nadgarstek\/#breadcrumb","itemListElement":[{"@type":"ListItem","position":1,"name":"Home","item":"https:\/\/gymiosport.com\/pl\/"},{"@type":"ListItem","position":2,"name":"Produkty","item":"https:\/\/gymiosport.com\/pl\/shop\/"},{"@type":"ListItem","position":3,"name":"Frotka na nadgarstek"}]},{"@type":"WebSite","@id":"https:\/\/gymiosport.com\/pl\/#website","url":"https:\/\/gymiosport.com\/pl\/","name":"gymio","description":"","publisher":{"@id":"https:\/\/gymiosport.com\/pl\/#organization"},"potentialAction":[{"@type":"SearchAction","target":{"@type":"EntryPoint","urlTemplate":"https:\/\/gymiosport.com\/pl\/?s={search_term_string}"},"query-input":{"@type":"PropertyValueSpecification","valueRequired":true,"valueName":"search_term_string"}}],"inLanguage":"pl-PL"},{"@type":"Organization","@id":"https:\/\/gymiosport.com\/pl\/#organization","name":"gymio","url":"https:\/\/gymiosport.com\/pl\/","logo":{"@type":"ImageObject","inLanguage":"pl-PL","@id":"https:\/\/gymiosport.com\/pl\/#\/schema\/logo\/image\/","url":"http:\/\/gymiosport.com\/wp-content\/uploads\/2024\/02\/Gymio_sygnet_black.png","contentUrl":"http:\/\/gymiosport.com\/wp-content\/uploads\/2024\/02\/Gymio_sygnet_black.png","width":1024,"height":1025,"caption":"gymio"},"image":{"@id":"https:\/\/gymiosport.com\/pl\/#\/schema\/logo\/image\/"}}]}},"_links":{"self":[{"href":"https:\/\/gymiosport.com\/pl\/wp-json\/wp\/v2\/product\/4212","targetHints":{"allow":["GET"]}}],"collection":[{"href":"https:\/\/gymiosport.com\/pl\/wp-json\/wp\/v2\/product"}],"about":[{"href":"https:\/\/gymiosport.com\/pl\/wp-json\/wp\/v2\/types\/product"}],"replies":[{"embeddable":true,"href":"https:\/\/gymiosport.com\/pl\/wp-json\/wp\/v2\/comments?post=4212"}],"wp:featuredmedia":[{"embeddable":true,"href":"https:\/\/gymiosport.com\/pl\/wp-json\/wp\/v2\/media\/4219"}],"wp:attachment":[{"href":"https:\/\/gymiosport.com\/pl\/wp-json\/wp\/v2\/media?parent=4212"}],"wp:term":[{"taxonomy":"product_brand","embeddable":true,"href":"https:\/\/gymiosport.com\/pl\/wp-json\/wp\/v2\/product_brand?post=4212"},{"taxonomy":"product_cat","embeddable":true,"href":"https:\/\/gymiosport.com\/pl\/wp-json\/wp\/v2\/product_cat?post=4212"},{"taxonomy":"product_tag","embeddable":true,"href":"https:\/\/gymiosport.com\/pl\/wp-json\/wp\/v2\/product_tag?post=4212"}],"curies":[{"name":"wp","href":"https:\/\/api.w.org\/{rel}","templated":true}]}}