{"id":531,"date":"2024-01-29T12:08:04","date_gmt":"2024-01-29T11:08:04","guid":{"rendered":"https:\/\/gymio.eu\/koszyk\/"},"modified":"2025-11-25T13:56:46","modified_gmt":"2025-11-25T12:56:46","slug":"koszyk","status":"publish","type":"page","link":"https:\/\/gymiosport.com\/pl\/koszyk\/","title":{"rendered":"Koszyk"},"content":{"rendered":"\n<div data-block-name=\"woocommerce\/cart\" class=\"wp-block-woocommerce-cart alignwide is-loading\">\n<div data-block-name=\"woocommerce\/filled-cart-block\" class=\"wp-block-woocommerce-filled-cart-block\">\n<div data-block-name=\"woocommerce\/cart-items-block\" class=\"wp-block-woocommerce-cart-items-block\">\n<div data-block-name=\"woocommerce\/cart-line-items-block\" class=\"wp-block-woocommerce-cart-line-items-block\"><\/div>\n\n\n\n<div data-block-name=\"woocommerce\/cart-cross-sells-block\" class=\"wp-block-woocommerce-cart-cross-sells-block\">\n<h2 class=\"wp-block-heading has-large-font-size\">By\u0107 mo\u017ce zainteresuje Ci\u0119\u2026<\/h2>\n\n\n\n<div data-block-name=\"woocommerce\/cart-cross-sells-products-block\" class=\"wp-block-woocommerce-cart-cross-sells-products-block\"><\/div>\n<\/div>\n<\/div>\n\n\n\n<div data-block-name=\"woocommerce\/cart-totals-block\" class=\"wp-block-woocommerce-cart-totals-block\">\n<div data-block-name=\"woocommerce\/cart-order-summary-block\" class=\"wp-block-woocommerce-cart-order-summary-block\">\n<div data-block-name=\"woocommerce\/cart-order-summary-heading-block\" class=\"wp-block-woocommerce-cart-order-summary-heading-block\"><\/div><div data-block-name=\"woocommerce\/cart-order-summary-coupon-form-block\" class=\"wp-block-woocommerce-cart-order-summary-coupon-form-block\"><\/div><div data-block-name=\"woocommerce\/cart-order-summary-totals-block\" class=\"wp-block-woocommerce-cart-order-summary-totals-block\">\n<div data-block-name=\"woocommerce\/cart-order-summary-subtotal-block\" class=\"wp-block-woocommerce-cart-order-summary-subtotal-block\"><\/div>\n<div data-block-name=\"woocommerce\/cart-order-summary-discount-block\" class=\"wp-block-woocommerce-cart-order-summary-discount-block\"><\/div>\n<div data-block-name=\"woocommerce\/cart-order-summary-fee-block\" class=\"wp-block-woocommerce-cart-order-summary-fee-block\"><\/div>\n<div data-block-name=\"woocommerce\/cart-order-summary-shipping-block\" class=\"wp-block-woocommerce-cart-order-summary-shipping-block\"><\/div>\n<div data-block-name=\"woocommerce\/cart-order-summary-taxes-block\" class=\"wp-block-woocommerce-cart-order-summary-taxes-block\"><\/div><\/div>\n<\/div>\n\n\n\n<div data-block-name=\"woocommerce\/cart-express-payment-block\" class=\"wp-block-woocommerce-cart-express-payment-block\"><\/div>\n\n\n\n<div data-block-name=\"woocommerce\/proceed-to-checkout-block\" class=\"wp-block-woocommerce-proceed-to-checkout-block\"><\/div>\n\n\n\n<div data-block-name=\"woocommerce\/cart-accepted-payment-methods-block\" class=\"wp-block-woocommerce-cart-accepted-payment-methods-block\"><\/div>\n<\/div>\n<\/div>\n\n\n\n<div data-block-name=\"woocommerce\/empty-cart-block\" class=\"wp-block-woocommerce-empty-cart-block\">\n<h2 class=\"wp-block-heading has-text-align-center with-empty-cart-icon wc-block-cart__empty-cart__title\">Tw\u00f3j koszyk jest obecnie pusty!<\/h2>\n\n\n\n<hr class=\"wp-block-separator has-alpha-channel-opacity is-style-dots\"\/>\n\n\n\n<h2 class=\"wp-block-heading has-text-align-center\">Nowo\u015b\u0107 w sklepie<\/h2>\n\n\n<div data-block-name=\"woocommerce\/product-new\" data-columns=\"4\" data-rows=\"1\" class=\"wc-block-grid wp-block-product-new wp-block-woocommerce-product-new wc-block-product-new has-4-columns\"><ul class=\"wc-block-grid__products\"><li class=\"wc-block-grid__product\"><span class=\"gtm4wp_productdata\" style=\"display:none; visibility:hidden;\" data-gtm4wp_product_data=\"{&quot;internal_id&quot;:4666,&quot;item_id&quot;:&quot;GYM_TRE_GMTP-F1-V01-2&quot;,&quot;item_name&quot;:&quot;Gymio RunPro FlatFold Outlet&quot;,&quot;sku&quot;:&quot;GYM_TRE_GMTP-F1-V01-2&quot;,&quot;price&quot;:2549,&quot;stocklevel&quot;:106,&quot;stockstatus&quot;:&quot;instock&quot;,&quot;google_business_vertical&quot;:&quot;retail&quot;,&quot;item_category&quot;:&quot;Outlet&quot;,&quot;id&quot;:&quot;GYM_TRE_GMTP-F1-V01-2&quot;,&quot;productlink&quot;:&quot;https:\\\/\\\/gymiosport.com\\\/pl\\\/produkt\\\/gymio-runpro-flatfold-outlet\\\/&quot;,&quot;item_list_name&quot;:&quot;General Product List&quot;,&quot;index&quot;:0,&quot;product_type&quot;:&quot;simple&quot;,&quot;item_brand&quot;:&quot;&quot;}\"><\/span>\n\t\t\t\t<a href=\"https:\/\/gymiosport.com\/pl\/produkt\/gymio-runpro-flatfold-outlet\/\" class=\"wc-block-grid__product-link\">\n\t\t\t\t\t\n\t\t\t\t\t<div class=\"wc-block-grid__product-image\"><img loading=\"lazy\" decoding=\"async\" width=\"300\" height=\"300\" src=\"https:\/\/gymiosport.com\/wp-content\/uploads\/2024\/03\/RunPro02-300x300.webp\" class=\"attachment-woocommerce_thumbnail size-woocommerce_thumbnail\" alt=\"Gymio RunPro FlatFold Outlet\" srcset=\"https:\/\/gymiosport.com\/wp-content\/uploads\/2024\/03\/RunPro02-300x300.webp 300w, https:\/\/gymiosport.com\/wp-content\/uploads\/2024\/03\/RunPro02-1024x1024.webp 1024w, https:\/\/gymiosport.com\/wp-content\/uploads\/2024\/03\/RunPro02-150x150.webp 150w, https:\/\/gymiosport.com\/wp-content\/uploads\/2024\/03\/RunPro02-768x768.webp 768w, https:\/\/gymiosport.com\/wp-content\/uploads\/2024\/03\/RunPro02-1536x1536.webp 1536w, https:\/\/gymiosport.com\/wp-content\/uploads\/2024\/03\/RunPro02-2048x2048.webp 2048w, https:\/\/gymiosport.com\/wp-content\/uploads\/2024\/03\/RunPro02-600x600.webp 600w, https:\/\/gymiosport.com\/wp-content\/uploads\/2024\/03\/RunPro02-100x100.webp 100w, https:\/\/gymiosport.com\/wp-content\/uploads\/2024\/03\/RunPro02.webp 2560w\" sizes=\"auto, (max-width: 300px) 100vw, 300px\" \/><\/div>\n\t\t\t\t\t<div class=\"wc-block-grid__product-title\">Gymio RunPro FlatFold Outlet<\/div>\n\t\t\t\t<\/a>\n\t\t\t\t<div class=\"wc-block-grid__product-price price\"><span class=\"woocommerce-Price-amount amount\">2549,00&nbsp;<span class=\"woocommerce-Price-currencySymbol\">&#122;&#322;<\/span><\/span><\/div>\n\t\t\t\t\n\t\t\t\t<div class=\"wp-block-button wc-block-grid__product-add-to-cart\"><a href=\"\/pl\/wp-json\/wp\/v2\/pages\/531?add-to-cart=4666\" aria-label=\"Dodaj do koszyka: &bdquo;Gymio RunPro FlatFold Outlet&rdquo;\" data-quantity=\"1\" data-product_id=\"4666\" data-product_sku=\"GYM_TRE_GMTP-F1-V01-2\" data-price=\"2549\" rel=\"nofollow\" class=\"wp-block-button__link wp-element-button add_to_cart_button ajax_add_to_cart\">Dodaj do koszyka<\/a><\/div>\n\t\t\t<\/li><li class=\"wc-block-grid__product\"><span class=\"gtm4wp_productdata\" style=\"display:none; visibility:hidden;\" data-gtm4wp_product_data=\"{&quot;internal_id&quot;:4212,&quot;item_id&quot;:&quot;GYM_AKC_FROTKA-01&quot;,&quot;item_name&quot;:&quot;Frotka na nadgarstek&quot;,&quot;sku&quot;:&quot;GYM_AKC_FROTKA-01&quot;,&quot;price&quot;:29.99,&quot;stocklevel&quot;:null,&quot;stockstatus&quot;:&quot;instock&quot;,&quot;google_business_vertical&quot;:&quot;retail&quot;,&quot;item_category&quot;:&quot;Wszystkie&quot;,&quot;item_category2&quot;:&quot;Akcesoria&quot;,&quot;id&quot;:&quot;GYM_AKC_FROTKA-01&quot;,&quot;productlink&quot;:&quot;https:\\\/\\\/gymiosport.com\\\/pl\\\/produkt\\\/gymio-sportowa-frotka-na-nadgarstek\\\/&quot;,&quot;item_list_name&quot;:&quot;General Product List&quot;,&quot;index&quot;:0,&quot;product_type&quot;:&quot;simple&quot;,&quot;item_brand&quot;:&quot;&quot;}\"><\/span>\n\t\t\t\t<a href=\"https:\/\/gymiosport.com\/pl\/produkt\/gymio-sportowa-frotka-na-nadgarstek\/\" class=\"wc-block-grid__product-link\">\n\t\t\t\t\t\n\t\t\t\t\t<div class=\"wc-block-grid__product-image\"><img loading=\"lazy\" decoding=\"async\" width=\"300\" height=\"300\" src=\"https:\/\/gymiosport.com\/wp-content\/uploads\/2025\/10\/frotka_1-300x300.jpg\" class=\"attachment-woocommerce_thumbnail size-woocommerce_thumbnail\" alt=\"Frotka na nadgarstek\" srcset=\"https:\/\/gymiosport.com\/wp-content\/uploads\/2025\/10\/frotka_1-300x300.jpg 300w, https:\/\/gymiosport.com\/wp-content\/uploads\/2025\/10\/frotka_1-1024x1024.jpg 1024w, https:\/\/gymiosport.com\/wp-content\/uploads\/2025\/10\/frotka_1-150x150.jpg 150w, https:\/\/gymiosport.com\/wp-content\/uploads\/2025\/10\/frotka_1-768x768.jpg 768w, https:\/\/gymiosport.com\/wp-content\/uploads\/2025\/10\/frotka_1-600x600.jpg 600w, https:\/\/gymiosport.com\/wp-content\/uploads\/2025\/10\/frotka_1-100x100.jpg 100w, https:\/\/gymiosport.com\/wp-content\/uploads\/2025\/10\/frotka_1.jpg 1080w\" sizes=\"auto, (max-width: 300px) 100vw, 300px\" \/><\/div>\n\t\t\t\t\t<div class=\"wc-block-grid__product-title\">Frotka na nadgarstek<\/div>\n\t\t\t\t<\/a>\n\t\t\t\t<div class=\"wc-block-grid__product-price price\"><span class=\"woocommerce-Price-amount amount\">29,99&nbsp;<span class=\"woocommerce-Price-currencySymbol\">&#122;&#322;<\/span><\/span><\/div>\n\t\t\t\t\n\t\t\t\t<div class=\"wp-block-button wc-block-grid__product-add-to-cart\"><a href=\"\/pl\/wp-json\/wp\/v2\/pages\/531?add-to-cart=4212\" aria-label=\"Dodaj do koszyka: &bdquo;Frotka na nadgarstek&rdquo;\" data-quantity=\"1\" data-product_id=\"4212\" data-product_sku=\"GYM_AKC_FROTKA-01\" data-price=\"29.99\" rel=\"nofollow\" class=\"wp-block-button__link wp-element-button add_to_cart_button ajax_add_to_cart\">Dodaj do koszyka<\/a><\/div>\n\t\t\t<\/li><li class=\"wc-block-grid__product\"><span class=\"gtm4wp_productdata\" style=\"display:none; visibility:hidden;\" data-gtm4wp_product_data=\"{&quot;internal_id&quot;:648,&quot;item_id&quot;:&quot;GYM_DES_GMDF-S1-V01&quot;,&quot;item_name&quot;:&quot;Gymio FlexDesk&quot;,&quot;sku&quot;:&quot;GYM_DES_GMDF-S1-V01&quot;,&quot;price&quot;:899,&quot;stocklevel&quot;:57,&quot;stockstatus&quot;:&quot;instock&quot;,&quot;google_business_vertical&quot;:&quot;retail&quot;,&quot;item_category&quot;:&quot;Wszystkie&quot;,&quot;item_category2&quot;:&quot;Chodzenie&quot;,&quot;id&quot;:&quot;GYM_DES_GMDF-S1-V01&quot;,&quot;productlink&quot;:&quot;https:\\\/\\\/gymiosport.com\\\/pl\\\/produkt\\\/flexdesk\\\/&quot;,&quot;item_list_name&quot;:&quot;General Product List&quot;,&quot;index&quot;:0,&quot;product_type&quot;:&quot;simple&quot;,&quot;item_brand&quot;:&quot;&quot;}\"><\/span>\n\t\t\t\t<a href=\"https:\/\/gymiosport.com\/pl\/produkt\/flexdesk\/\" class=\"wc-block-grid__product-link\">\n\t\t\t\t\t\n\t\t\t\t\t<div class=\"wc-block-grid__product-image\"><img loading=\"lazy\" decoding=\"async\" width=\"300\" height=\"300\" src=\"https:\/\/gymiosport.com\/wp-content\/uploads\/2024\/03\/FlexDesk01-300x300.webp\" class=\"attachment-woocommerce_thumbnail size-woocommerce_thumbnail\" alt=\"Gymio FlexDesk\" srcset=\"https:\/\/gymiosport.com\/wp-content\/uploads\/2024\/03\/FlexDesk01-300x300.webp 300w, https:\/\/gymiosport.com\/wp-content\/uploads\/2024\/03\/FlexDesk01-1024x1024.webp 1024w, https:\/\/gymiosport.com\/wp-content\/uploads\/2024\/03\/FlexDesk01-150x150.webp 150w, https:\/\/gymiosport.com\/wp-content\/uploads\/2024\/03\/FlexDesk01-768x768.webp 768w, https:\/\/gymiosport.com\/wp-content\/uploads\/2024\/03\/FlexDesk01-1536x1536.webp 1536w, https:\/\/gymiosport.com\/wp-content\/uploads\/2024\/03\/FlexDesk01-2048x2048.webp 2048w, https:\/\/gymiosport.com\/wp-content\/uploads\/2024\/03\/FlexDesk01-600x600.webp 600w, https:\/\/gymiosport.com\/wp-content\/uploads\/2024\/03\/FlexDesk01-100x100.webp 100w, https:\/\/gymiosport.com\/wp-content\/uploads\/2024\/03\/FlexDesk01.webp 2560w\" sizes=\"auto, (max-width: 300px) 100vw, 300px\" \/><\/div>\n\t\t\t\t\t<div class=\"wc-block-grid__product-title\">Gymio FlexDesk<\/div>\n\t\t\t\t<\/a>\n\t\t\t\t<div class=\"wc-block-grid__product-price price\"><span class=\"woocommerce-Price-amount amount\">899,00&nbsp;<span class=\"woocommerce-Price-currencySymbol\">&#122;&#322;<\/span><\/span><\/div>\n\t\t\t\t\n\t\t\t\t<div class=\"wp-block-button wc-block-grid__product-add-to-cart\"><a href=\"\/pl\/wp-json\/wp\/v2\/pages\/531?add-to-cart=648\" aria-label=\"Dodaj do koszyka: &bdquo;Gymio FlexDesk&rdquo;\" data-quantity=\"1\" data-product_id=\"648\" data-product_sku=\"GYM_DES_GMDF-S1-V01\" data-price=\"899\" rel=\"nofollow\" class=\"wp-block-button__link wp-element-button add_to_cart_button ajax_add_to_cart\">Dodaj do koszyka<\/a><\/div>\n\t\t\t<\/li><li class=\"wc-block-grid__product\"><span class=\"gtm4wp_productdata\" style=\"display:none; visibility:hidden;\" data-gtm4wp_product_data=\"{&quot;internal_id&quot;:2404,&quot;item_id&quot;:&quot;GYM_TRE_GMTW-S1-V01&quot;,&quot;item_name&quot;:&quot;Gymio WalkLite&quot;,&quot;sku&quot;:&quot;GYM_TRE_GMTW-S1-V01&quot;,&quot;price&quot;:1399,&quot;stocklevel&quot;:112,&quot;stockstatus&quot;:&quot;instock&quot;,&quot;google_business_vertical&quot;:&quot;retail&quot;,&quot;item_category&quot;:&quot;Wszystkie&quot;,&quot;item_category2&quot;:&quot;Chodzenie&quot;,&quot;id&quot;:&quot;GYM_TRE_GMTW-S1-V01&quot;,&quot;productlink&quot;:&quot;https:\\\/\\\/gymiosport.com\\\/pl\\\/produkt\\\/gymio-walklite\\\/&quot;,&quot;item_list_name&quot;:&quot;General Product List&quot;,&quot;index&quot;:0,&quot;product_type&quot;:&quot;simple&quot;,&quot;item_brand&quot;:&quot;&quot;}\"><\/span>\n\t\t\t\t<a href=\"https:\/\/gymiosport.com\/pl\/produkt\/gymio-walklite\/\" class=\"wc-block-grid__product-link\">\n\t\t\t\t\t\n\t\t\t\t\t<div class=\"wc-block-grid__product-image\"><img loading=\"lazy\" decoding=\"async\" width=\"300\" height=\"300\" src=\"https:\/\/gymiosport.com\/wp-content\/uploads\/2024\/03\/WalkLite08-300x300.webp\" class=\"attachment-woocommerce_thumbnail size-woocommerce_thumbnail\" alt=\"Gymio WalkLite\" srcset=\"https:\/\/gymiosport.com\/wp-content\/uploads\/2024\/03\/WalkLite08-300x300.webp 300w, https:\/\/gymiosport.com\/wp-content\/uploads\/2024\/03\/WalkLite08-1024x1024.webp 1024w, https:\/\/gymiosport.com\/wp-content\/uploads\/2024\/03\/WalkLite08-150x150.webp 150w, https:\/\/gymiosport.com\/wp-content\/uploads\/2024\/03\/WalkLite08-768x768.webp 768w, https:\/\/gymiosport.com\/wp-content\/uploads\/2024\/03\/WalkLite08-1536x1536.webp 1536w, https:\/\/gymiosport.com\/wp-content\/uploads\/2024\/03\/WalkLite08-2048x2048.webp 2048w, https:\/\/gymiosport.com\/wp-content\/uploads\/2024\/03\/WalkLite08-600x600.webp 600w, https:\/\/gymiosport.com\/wp-content\/uploads\/2024\/03\/WalkLite08-100x100.webp 100w, https:\/\/gymiosport.com\/wp-content\/uploads\/2024\/03\/WalkLite08.webp 2560w\" sizes=\"auto, (max-width: 300px) 100vw, 300px\" \/><\/div>\n\t\t\t\t\t<div class=\"wc-block-grid__product-title\">Gymio WalkLite<\/div>\n\t\t\t\t<\/a>\n\t\t\t\t<div class=\"wc-block-grid__product-price price\"><span class=\"woocommerce-Price-amount amount\">1399,00&nbsp;<span class=\"woocommerce-Price-currencySymbol\">&#122;&#322;<\/span><\/span><\/div>\n\t\t\t\t\n\t\t\t\t<div class=\"wp-block-button wc-block-grid__product-add-to-cart\"><a href=\"\/pl\/wp-json\/wp\/v2\/pages\/531?add-to-cart=2404\" aria-label=\"Dodaj do koszyka: &bdquo;Gymio WalkLite&rdquo;\" data-quantity=\"1\" data-product_id=\"2404\" data-product_sku=\"GYM_TRE_GMTW-S1-V01\" data-price=\"1399\" rel=\"nofollow\" class=\"wp-block-button__link wp-element-button add_to_cart_button ajax_add_to_cart\">Dodaj do koszyka<\/a><\/div>\n\t\t\t<\/li><\/ul><\/div><\/div>\n<\/div>\n","protected":false},"excerpt":{"rendered":"","protected":false},"author":1,"featured_media":0,"parent":0,"menu_order":0,"comment_status":"closed","ping_status":"closed","template":"","meta":{"_acf_changed":false,"footnotes":""},"class_list":["post-531","page","type-page","status-publish","hentry"],"acf":[],"yoast_head":"<!-- This site is optimized with the Yoast SEO plugin v27.3 - https:\/\/yoast.com\/product\/yoast-seo-wordpress\/ -->\n<title>Koszyk - gymio<\/title>\n<meta name=\"robots\" content=\"index, follow, max-snippet:-1, max-image-preview:large, max-video-preview:-1\" \/>\n<link rel=\"canonical\" href=\"https:\/\/gymiosport.com\/pl\/koszyk\/\" \/>\n<meta property=\"og:locale\" content=\"pl_PL\" \/>\n<meta property=\"og:type\" content=\"article\" \/>\n<meta property=\"og:title\" content=\"Koszyk - gymio\" \/>\n<meta property=\"og:url\" content=\"https:\/\/gymiosport.com\/pl\/koszyk\/\" \/>\n<meta property=\"og:site_name\" content=\"gymio\" \/>\n<meta property=\"article:modified_time\" content=\"2025-11-25T12:56:46+00:00\" \/>\n<meta name=\"twitter:card\" content=\"summary_large_image\" \/>\n<script type=\"application\/ld+json\" class=\"yoast-schema-graph\">{\"@context\":\"https:\\\/\\\/schema.org\",\"@graph\":[{\"@type\":\"WebPage\",\"@id\":\"https:\\\/\\\/gymiosport.com\\\/pl\\\/koszyk\\\/\",\"url\":\"https:\\\/\\\/gymiosport.com\\\/pl\\\/koszyk\\\/\",\"name\":\"Koszyk - gymio\",\"isPartOf\":{\"@id\":\"https:\\\/\\\/gymiosport.com\\\/pl\\\/#website\"},\"datePublished\":\"2024-01-29T11:08:04+00:00\",\"dateModified\":\"2025-11-25T12:56:46+00:00\",\"breadcrumb\":{\"@id\":\"https:\\\/\\\/gymiosport.com\\\/pl\\\/koszyk\\\/#breadcrumb\"},\"inLanguage\":\"pl-PL\",\"potentialAction\":[{\"@type\":\"ReadAction\",\"target\":[\"https:\\\/\\\/gymiosport.com\\\/pl\\\/koszyk\\\/\"]}]},{\"@type\":\"BreadcrumbList\",\"@id\":\"https:\\\/\\\/gymiosport.com\\\/pl\\\/koszyk\\\/#breadcrumb\",\"itemListElement\":[{\"@type\":\"ListItem\",\"position\":1,\"name\":\"Home\",\"item\":\"https:\\\/\\\/gymiosport.com\\\/pl\\\/\"},{\"@type\":\"ListItem\",\"position\":2,\"name\":\"Koszyk\"}]},{\"@type\":\"WebSite\",\"@id\":\"https:\\\/\\\/gymiosport.com\\\/pl\\\/#website\",\"url\":\"https:\\\/\\\/gymiosport.com\\\/pl\\\/\",\"name\":\"gymio\",\"description\":\"\",\"publisher\":{\"@id\":\"https:\\\/\\\/gymiosport.com\\\/pl\\\/#organization\"},\"potentialAction\":[{\"@type\":\"SearchAction\",\"target\":{\"@type\":\"EntryPoint\",\"urlTemplate\":\"https:\\\/\\\/gymiosport.com\\\/pl\\\/?s={search_term_string}\"},\"query-input\":{\"@type\":\"PropertyValueSpecification\",\"valueRequired\":true,\"valueName\":\"search_term_string\"}}],\"inLanguage\":\"pl-PL\"},{\"@type\":\"Organization\",\"@id\":\"https:\\\/\\\/gymiosport.com\\\/pl\\\/#organization\",\"name\":\"gymio\",\"url\":\"https:\\\/\\\/gymiosport.com\\\/pl\\\/\",\"logo\":{\"@type\":\"ImageObject\",\"inLanguage\":\"pl-PL\",\"@id\":\"https:\\\/\\\/gymiosport.com\\\/pl\\\/#\\\/schema\\\/logo\\\/image\\\/\",\"url\":\"http:\\\/\\\/gymiosport.com\\\/wp-content\\\/uploads\\\/2024\\\/02\\\/Gymio_sygnet_black.png\",\"contentUrl\":\"http:\\\/\\\/gymiosport.com\\\/wp-content\\\/uploads\\\/2024\\\/02\\\/Gymio_sygnet_black.png\",\"width\":1024,\"height\":1025,\"caption\":\"gymio\"},\"image\":{\"@id\":\"https:\\\/\\\/gymiosport.com\\\/pl\\\/#\\\/schema\\\/logo\\\/image\\\/\"}}]}<\/script>\n<!-- \/ Yoast SEO plugin. -->","yoast_head_json":{"title":"Koszyk - gymio","robots":{"index":"index","follow":"follow","max-snippet":"max-snippet:-1","max-image-preview":"max-image-preview:large","max-video-preview":"max-video-preview:-1"},"canonical":"https:\/\/gymiosport.com\/pl\/koszyk\/","og_locale":"pl_PL","og_type":"article","og_title":"Koszyk - gymio","og_url":"https:\/\/gymiosport.com\/pl\/koszyk\/","og_site_name":"gymio","article_modified_time":"2025-11-25T12:56:46+00:00","twitter_card":"summary_large_image","schema":{"@context":"https:\/\/schema.org","@graph":[{"@type":"WebPage","@id":"https:\/\/gymiosport.com\/pl\/koszyk\/","url":"https:\/\/gymiosport.com\/pl\/koszyk\/","name":"Koszyk - gymio","isPartOf":{"@id":"https:\/\/gymiosport.com\/pl\/#website"},"datePublished":"2024-01-29T11:08:04+00:00","dateModified":"2025-11-25T12:56:46+00:00","breadcrumb":{"@id":"https:\/\/gymiosport.com\/pl\/koszyk\/#breadcrumb"},"inLanguage":"pl-PL","potentialAction":[{"@type":"ReadAction","target":["https:\/\/gymiosport.com\/pl\/koszyk\/"]}]},{"@type":"BreadcrumbList","@id":"https:\/\/gymiosport.com\/pl\/koszyk\/#breadcrumb","itemListElement":[{"@type":"ListItem","position":1,"name":"Home","item":"https:\/\/gymiosport.com\/pl\/"},{"@type":"ListItem","position":2,"name":"Koszyk"}]},{"@type":"WebSite","@id":"https:\/\/gymiosport.com\/pl\/#website","url":"https:\/\/gymiosport.com\/pl\/","name":"gymio","description":"","publisher":{"@id":"https:\/\/gymiosport.com\/pl\/#organization"},"potentialAction":[{"@type":"SearchAction","target":{"@type":"EntryPoint","urlTemplate":"https:\/\/gymiosport.com\/pl\/?s={search_term_string}"},"query-input":{"@type":"PropertyValueSpecification","valueRequired":true,"valueName":"search_term_string"}}],"inLanguage":"pl-PL"},{"@type":"Organization","@id":"https:\/\/gymiosport.com\/pl\/#organization","name":"gymio","url":"https:\/\/gymiosport.com\/pl\/","logo":{"@type":"ImageObject","inLanguage":"pl-PL","@id":"https:\/\/gymiosport.com\/pl\/#\/schema\/logo\/image\/","url":"http:\/\/gymiosport.com\/wp-content\/uploads\/2024\/02\/Gymio_sygnet_black.png","contentUrl":"http:\/\/gymiosport.com\/wp-content\/uploads\/2024\/02\/Gymio_sygnet_black.png","width":1024,"height":1025,"caption":"gymio"},"image":{"@id":"https:\/\/gymiosport.com\/pl\/#\/schema\/logo\/image\/"}}]}},"_links":{"self":[{"href":"https:\/\/gymiosport.com\/pl\/wp-json\/wp\/v2\/pages\/531","targetHints":{"allow":["GET"]}}],"collection":[{"href":"https:\/\/gymiosport.com\/pl\/wp-json\/wp\/v2\/pages"}],"about":[{"href":"https:\/\/gymiosport.com\/pl\/wp-json\/wp\/v2\/types\/page"}],"author":[{"embeddable":true,"href":"https:\/\/gymiosport.com\/pl\/wp-json\/wp\/v2\/users\/1"}],"replies":[{"embeddable":true,"href":"https:\/\/gymiosport.com\/pl\/wp-json\/wp\/v2\/comments?post=531"}],"version-history":[{"count":1,"href":"https:\/\/gymiosport.com\/pl\/wp-json\/wp\/v2\/pages\/531\/revisions"}],"predecessor-version":[{"id":4482,"href":"https:\/\/gymiosport.com\/pl\/wp-json\/wp\/v2\/pages\/531\/revisions\/4482"}],"wp:attachment":[{"href":"https:\/\/gymiosport.com\/pl\/wp-json\/wp\/v2\/media?parent=531"}],"curies":[{"name":"wp","href":"https:\/\/api.w.org\/{rel}","templated":true}]}}